{"id":17033,"date":"2020-11-03T21:27:20","date_gmt":"2020-11-03T21:27:20","guid":{"rendered":"https:\/\/barnabok.is\/?post_type=product&#038;p=17033"},"modified":"2020-12-01T21:19:25","modified_gmt":"2020-12-01T21:19:25","slug":"lukku-laki-kuldaboli-bitur-daldona","status":"publish","type":"product","link":"https:\/\/barnabok.is\/?product=lukku-laki-kuldaboli-bitur-daldona","title":{"rendered":"Lukku-L\u00e1ki &#8211; Kuldaboli b\u00edtur Dald\u00f3na"},"content":{"rendered":"<p>H\u00f6fundar: Morris teiknari og Goscinny rith\u00f6fundur<\/p>\n<p><img loading=\"lazy\" decoding=\"async\" class=\"alignnone wp-image-15964\" src=\"https:\/\/barnabok.is\/wp-content\/uploads\/2020\/05\/Morris_-_Maurice_De_Bevere-e1590828548231-266x300.jpg\" alt=\"\" width=\"200\" height=\"226\" srcset=\"https:\/\/barnabok.is\/wp-content\/uploads\/2020\/05\/Morris_-_Maurice_De_Bevere-e1590828548231-266x300.jpg 266w, https:\/\/barnabok.is\/wp-content\/uploads\/2020\/05\/Morris_-_Maurice_De_Bevere-e1590828548231-907x1024.jpg 907w, https:\/\/barnabok.is\/wp-content\/uploads\/2020\/05\/Morris_-_Maurice_De_Bevere-e1590828548231-768x867.jpg 768w, https:\/\/barnabok.is\/wp-content\/uploads\/2020\/05\/Morris_-_Maurice_De_Bevere-e1590828548231-580x655.jpg 580w, https:\/\/barnabok.is\/wp-content\/uploads\/2020\/05\/Morris_-_Maurice_De_Bevere-e1590828548231-860x971.jpg 860w, https:\/\/barnabok.is\/wp-content\/uploads\/2020\/05\/Morris_-_Maurice_De_Bevere-e1590828548231-600x677.jpg 600w, https:\/\/barnabok.is\/wp-content\/uploads\/2020\/05\/Morris_-_Maurice_De_Bevere-e1590828548231.jpg 1055w\" sizes=\"auto, (max-width: 200px) 100vw, 200px\" \/> <img loading=\"lazy\" decoding=\"async\" class=\"alignnone wp-image-15963\" src=\"https:\/\/barnabok.is\/wp-content\/uploads\/2020\/05\/Goscinny-215x300.jpg\" alt=\"\" width=\"161\" height=\"225\" srcset=\"https:\/\/barnabok.is\/wp-content\/uploads\/2020\/05\/Goscinny-215x300.jpg 215w, https:\/\/barnabok.is\/wp-content\/uploads\/2020\/05\/Goscinny-580x810.jpg 580w, https:\/\/barnabok.is\/wp-content\/uploads\/2020\/05\/Goscinny-600x838.jpg 600w, https:\/\/barnabok.is\/wp-content\/uploads\/2020\/05\/Goscinny.jpg 640w\" sizes=\"auto, (max-width: 161px) 100vw, 161px\" \/><\/p>\n","protected":false},"excerpt":{"rendered":"<p><strong>Lukku L\u00e1ki &#8211; Kuldaboli b\u00edtur Dald\u00f3na (2020) &#8211; \u00datgefandi: Froskur<\/strong><\/p>\n<p>H\u00f6fundar: Morris og Goscinny<\/p>\n<p>\u00c1 me\u00f0an fangaver\u00f0irnir gleyma s\u00e9r \u00ed afm\u00e6lisveislu \u00ed fangelsinu tekst Dald\u00f3num a\u00f0 fl\u00fdja \u00f3s\u00e9\u00f0ir. A\u00f0 venju er Lukku-L\u00e1ki kalla\u00f0ur til a\u00f0 bjarga m\u00e1lunum. Dald\u00f3nar koma me\u00f0 kr\u00f3k \u00e1 m\u00f3ti brag\u00f0i og stinga af yfir landam\u00e6rin til Kanada, utan l\u00f6gs\u00f6gu Lukku L\u00e1ka, en \u00fear tekur ekki betra vi\u00f0 \u00fev\u00ed vaskur li\u00f0\u00fej\u00e1lfi \u00ed konunglegu riddaral\u00f6greglunni heldur uppi l\u00f6gum og reglu.<\/p>\n<p>Innbundin 48 s\u00ed\u00f0ur<\/p>\n","protected":false},"featured_media":17034,"comment_status":"closed","ping_status":"closed","template":"","meta":[],"product_cat":[132,134,137],"product_tag":[290,298,193,242,204,205,203],"class_list":{"0":"post-17033","1":"product","2":"type-product","3":"status-publish","4":"has-post-thumbnail","6":"product_cat-8-12","7":"product_cat-gamansogur","8":"product_cat-myndasogur","9":"product_tag-13-ara-og-eldri","10":"product_tag-298","11":"product_tag-8-12-ara","12":"product_tag-froskur","13":"product_tag-goscinny","14":"product_tag-lukku-laki","15":"product_tag-morris","17":"first","18":"instock","19":"shipping-taxable","20":"purchasable","21":"product-type-simple"},"yoast_head":"<!-- This site is optimized with the Yoast SEO plugin v18.3 - https:\/\/yoast.com\/wordpress\/plugins\/seo\/ -->\n<title>Lukku-L\u00e1ki - Kuldaboli b\u00edtur Dald\u00f3na - barnabok.is<\/title>\n<meta name=\"robots\" content=\"index, follow, max-snippet:-1, max-image-preview:large, max-video-preview:-1\" \/>\n<link rel=\"canonical\" href=\"https:\/\/barnabok.is\/?product=lukku-laki-kuldaboli-bitur-daldona\" \/>\n<meta property=\"og:locale\" content=\"is_IS\" \/>\n<meta property=\"og:type\" content=\"article\" \/>\n<meta property=\"og:title\" content=\"Lukku-L\u00e1ki - Kuldaboli b\u00edtur Dald\u00f3na - barnabok.is\" \/>\n<meta property=\"og:description\" content=\"Lukku L\u00e1ki - Kuldaboli b\u00edtur Dald\u00f3na (2020) - \u00datgefandi: Froskur  H\u00f6fundar: Morris og Goscinny  \u00c1 me\u00f0an fangaver\u00f0irnir gleyma s\u00e9r \u00ed afm\u00e6lisveislu \u00ed fangelsinu tekst Dald\u00f3num a\u00f0 fl\u00fdja \u00f3s\u00e9\u00f0ir. A\u00f0 venju er Lukku-L\u00e1ki kalla\u00f0ur til a\u00f0 bjarga m\u00e1lunum. Dald\u00f3nar koma me\u00f0 kr\u00f3k \u00e1 m\u00f3ti brag\u00f0i og stinga af yfir landam\u00e6rin til Kanada, utan l\u00f6gs\u00f6gu Lukku L\u00e1ka, en \u00fear tekur ekki betra vi\u00f0 \u00fev\u00ed vaskur li\u00f0\u00fej\u00e1lfi \u00ed konunglegu riddaral\u00f6greglunni heldur uppi l\u00f6gum og reglu.  Innbundin 48 s\u00ed\u00f0ur\" \/>\n<meta property=\"og:url\" content=\"https:\/\/barnabok.is\/?product=lukku-laki-kuldaboli-bitur-daldona\" \/>\n<meta property=\"og:site_name\" content=\"barnabok.is\" \/>\n<meta property=\"article:modified_time\" content=\"2020-12-01T21:19:25+00:00\" \/>\n<meta property=\"og:image\" content=\"https:\/\/barnabok.is\/wp-content\/uploads\/2020\/11\/Lukku-Laki-Kuldaboli-bitur.jpg\" \/>\n\t<meta property=\"og:image:width\" content=\"1000\" \/>\n\t<meta property=\"og:image:height\" content=\"1363\" \/>\n\t<meta property=\"og:image:type\" content=\"image\/jpeg\" \/>\n<meta name=\"twitter:card\" content=\"summary_large_image\" \/>\n<script type=\"application\/ld+json\" class=\"yoast-schema-graph\">{\"@context\":\"https:\/\/schema.org\",\"@graph\":[{\"@type\":\"WebSite\",\"@id\":\"https:\/\/barnabok.is\/#website\",\"url\":\"https:\/\/barnabok.is\/\",\"name\":\"barnabok.is\",\"description\":\"\",\"potentialAction\":[{\"@type\":\"SearchAction\",\"target\":{\"@type\":\"EntryPoint\",\"urlTemplate\":\"https:\/\/barnabok.is\/?s={search_term_string}\"},\"query-input\":\"required name=search_term_string\"}],\"inLanguage\":\"is\"},{\"@type\":\"ImageObject\",\"@id\":\"https:\/\/barnabok.is\/?product=lukku-laki-kuldaboli-bitur-daldona#primaryimage\",\"inLanguage\":\"is\",\"url\":\"https:\/\/barnabok.is\/wp-content\/uploads\/2020\/11\/Lukku-Laki-Kuldaboli-bitur.jpg\",\"contentUrl\":\"https:\/\/barnabok.is\/wp-content\/uploads\/2020\/11\/Lukku-Laki-Kuldaboli-bitur.jpg\",\"width\":1000,\"height\":1363},{\"@type\":\"WebPage\",\"@id\":\"https:\/\/barnabok.is\/?product=lukku-laki-kuldaboli-bitur-daldona#webpage\",\"url\":\"https:\/\/barnabok.is\/?product=lukku-laki-kuldaboli-bitur-daldona\",\"name\":\"Lukku-L\u00e1ki - Kuldaboli b\u00edtur Dald\u00f3na - barnabok.is\",\"isPartOf\":{\"@id\":\"https:\/\/barnabok.is\/#website\"},\"primaryImageOfPage\":{\"@id\":\"https:\/\/barnabok.is\/?product=lukku-laki-kuldaboli-bitur-daldona#primaryimage\"},\"datePublished\":\"2020-11-03T21:27:20+00:00\",\"dateModified\":\"2020-12-01T21:19:25+00:00\",\"breadcrumb\":{\"@id\":\"https:\/\/barnabok.is\/?product=lukku-laki-kuldaboli-bitur-daldona#breadcrumb\"},\"inLanguage\":\"is\",\"potentialAction\":[{\"@type\":\"ReadAction\",\"target\":[\"https:\/\/barnabok.is\/?product=lukku-laki-kuldaboli-bitur-daldona\"]}]},{\"@type\":\"BreadcrumbList\",\"@id\":\"https:\/\/barnabok.is\/?product=lukku-laki-kuldaboli-bitur-daldona#breadcrumb\",\"itemListElement\":[{\"@type\":\"ListItem\",\"position\":1,\"name\":\"Home\",\"item\":\"https:\/\/barnabok.is\/\"},{\"@type\":\"ListItem\",\"position\":2,\"name\":\"Products\",\"item\":\"https:\/\/barnabok.is\/?post_type=product\"},{\"@type\":\"ListItem\",\"position\":3,\"name\":\"Lukku-L\u00e1ki &#8211; Kuldaboli b\u00edtur Dald\u00f3na\"}]}]}<\/script>\n<!-- \/ Yoast SEO plugin. -->","yoast_head_json":{"title":"Lukku-L\u00e1ki - Kuldaboli b\u00edtur Dald\u00f3na - barnabok.is","robots":{"index":"index","follow":"follow","max-snippet":"max-snippet:-1","max-image-preview":"max-image-preview:large","max-video-preview":"max-video-preview:-1"},"canonical":"https:\/\/barnabok.is\/?product=lukku-laki-kuldaboli-bitur-daldona","og_locale":"is_IS","og_type":"article","og_title":"Lukku-L\u00e1ki - Kuldaboli b\u00edtur Dald\u00f3na - barnabok.is","og_description":"Lukku L\u00e1ki - Kuldaboli b\u00edtur Dald\u00f3na (2020) - \u00datgefandi: Froskur  H\u00f6fundar: Morris og Goscinny  \u00c1 me\u00f0an fangaver\u00f0irnir gleyma s\u00e9r \u00ed afm\u00e6lisveislu \u00ed fangelsinu tekst Dald\u00f3num a\u00f0 fl\u00fdja \u00f3s\u00e9\u00f0ir. A\u00f0 venju er Lukku-L\u00e1ki kalla\u00f0ur til a\u00f0 bjarga m\u00e1lunum. Dald\u00f3nar koma me\u00f0 kr\u00f3k \u00e1 m\u00f3ti brag\u00f0i og stinga af yfir landam\u00e6rin til Kanada, utan l\u00f6gs\u00f6gu Lukku L\u00e1ka, en \u00fear tekur ekki betra vi\u00f0 \u00fev\u00ed vaskur li\u00f0\u00fej\u00e1lfi \u00ed konunglegu riddaral\u00f6greglunni heldur uppi l\u00f6gum og reglu.  Innbundin 48 s\u00ed\u00f0ur","og_url":"https:\/\/barnabok.is\/?product=lukku-laki-kuldaboli-bitur-daldona","og_site_name":"barnabok.is","article_modified_time":"2020-12-01T21:19:25+00:00","og_image":[{"width":1000,"height":1363,"url":"https:\/\/barnabok.is\/wp-content\/uploads\/2020\/11\/Lukku-Laki-Kuldaboli-bitur.jpg","type":"image\/jpeg"}],"twitter_card":"summary_large_image","schema":{"@context":"https:\/\/schema.org","@graph":[{"@type":"WebSite","@id":"https:\/\/barnabok.is\/#website","url":"https:\/\/barnabok.is\/","name":"barnabok.is","description":"","potentialAction":[{"@type":"SearchAction","target":{"@type":"EntryPoint","urlTemplate":"https:\/\/barnabok.is\/?s={search_term_string}"},"query-input":"required name=search_term_string"}],"inLanguage":"is"},{"@type":"ImageObject","@id":"https:\/\/barnabok.is\/?product=lukku-laki-kuldaboli-bitur-daldona#primaryimage","inLanguage":"is","url":"https:\/\/barnabok.is\/wp-content\/uploads\/2020\/11\/Lukku-Laki-Kuldaboli-bitur.jpg","contentUrl":"https:\/\/barnabok.is\/wp-content\/uploads\/2020\/11\/Lukku-Laki-Kuldaboli-bitur.jpg","width":1000,"height":1363},{"@type":"WebPage","@id":"https:\/\/barnabok.is\/?product=lukku-laki-kuldaboli-bitur-daldona#webpage","url":"https:\/\/barnabok.is\/?product=lukku-laki-kuldaboli-bitur-daldona","name":"Lukku-L\u00e1ki - Kuldaboli b\u00edtur Dald\u00f3na - barnabok.is","isPartOf":{"@id":"https:\/\/barnabok.is\/#website"},"primaryImageOfPage":{"@id":"https:\/\/barnabok.is\/?product=lukku-laki-kuldaboli-bitur-daldona#primaryimage"},"datePublished":"2020-11-03T21:27:20+00:00","dateModified":"2020-12-01T21:19:25+00:00","breadcrumb":{"@id":"https:\/\/barnabok.is\/?product=lukku-laki-kuldaboli-bitur-daldona#breadcrumb"},"inLanguage":"is","potentialAction":[{"@type":"ReadAction","target":["https:\/\/barnabok.is\/?product=lukku-laki-kuldaboli-bitur-daldona"]}]},{"@type":"BreadcrumbList","@id":"https:\/\/barnabok.is\/?product=lukku-laki-kuldaboli-bitur-daldona#breadcrumb","itemListElement":[{"@type":"ListItem","position":1,"name":"Home","item":"https:\/\/barnabok.is\/"},{"@type":"ListItem","position":2,"name":"Products","item":"https:\/\/barnabok.is\/?post_type=product"},{"@type":"ListItem","position":3,"name":"Lukku-L\u00e1ki &#8211; Kuldaboli b\u00edtur Dald\u00f3na"}]}]}},"_links":{"self":[{"href":"https:\/\/barnabok.is\/index.php?rest_route=\/wp\/v2\/product\/17033","targetHints":{"allow":["GET"]}}],"collection":[{"href":"https:\/\/barnabok.is\/index.php?rest_route=\/wp\/v2\/product"}],"about":[{"href":"https:\/\/barnabok.is\/index.php?rest_route=\/wp\/v2\/types\/product"}],"replies":[{"embeddable":true,"href":"https:\/\/barnabok.is\/index.php?rest_route=%2Fwp%2Fv2%2Fcomments&post=17033"}],"wp:featuredmedia":[{"embeddable":true,"href":"https:\/\/barnabok.is\/index.php?rest_route=\/wp\/v2\/media\/17034"}],"wp:attachment":[{"href":"https:\/\/barnabok.is\/index.php?rest_route=%2Fwp%2Fv2%2Fmedia&parent=17033"}],"wp:term":[{"taxonomy":"product_cat","embeddable":true,"href":"https:\/\/barnabok.is\/index.php?rest_route=%2Fwp%2Fv2%2Fproduct_cat&post=17033"},{"taxonomy":"product_tag","embeddable":true,"href":"https:\/\/barnabok.is\/index.php?rest_route=%2Fwp%2Fv2%2Fproduct_tag&post=17033"}],"curies":[{"name":"wp","href":"https:\/\/api.w.org\/{rel}","templated":true}]}}