{"id":16871,"date":"2020-10-29T16:17:28","date_gmt":"2020-10-29T16:17:28","guid":{"rendered":"https:\/\/barnabok.is\/?post_type=product&#038;p=16871"},"modified":"2020-12-03T14:13:01","modified_gmt":"2020-12-03T14:13:01","slug":"hulk-1","status":"publish","type":"product","link":"https:\/\/barnabok.is\/?product=hulk-1","title":{"rendered":"Hulk 1"},"content":{"rendered":"<p>H\u00f6fundar: <span id=\"forlagidsearch_current_authors\">Tom Fowler teiknari og Fred Van Lente rith\u00f6fundur<\/span><\/p>\n<p><img loading=\"lazy\" decoding=\"async\" class=\"alignnone wp-image-16875\" src=\"https:\/\/barnabok.is\/wp-content\/uploads\/2020\/10\/Tom-Fowler-214x300.jpg\" alt=\"\" width=\"200\" height=\"280\" srcset=\"https:\/\/barnabok.is\/wp-content\/uploads\/2020\/10\/Tom-Fowler-214x300.jpg 214w, https:\/\/barnabok.is\/wp-content\/uploads\/2020\/10\/Tom-Fowler.jpg 546w\" sizes=\"auto, (max-width: 200px) 100vw, 200px\" \/> <img loading=\"lazy\" decoding=\"async\" class=\"alignnone wp-image-16874\" src=\"https:\/\/barnabok.is\/wp-content\/uploads\/2020\/10\/Fred-Van-Lente-214x300.jpg\" alt=\"\" width=\"200\" height=\"281\" srcset=\"https:\/\/barnabok.is\/wp-content\/uploads\/2020\/10\/Fred-Van-Lente-214x300.jpg 214w, https:\/\/barnabok.is\/wp-content\/uploads\/2020\/10\/Fred-Van-Lente.jpg 546w\" sizes=\"auto, (max-width: 200px) 100vw, 200px\" \/><\/p>\n","protected":false},"excerpt":{"rendered":"<p><strong>Hulk 1 (2019) &#8211; \u00datgefandi: DP-IN<\/strong><\/p>\n<p><span id=\"forlagidsearch_current_authors\">H\u00f6fundar mynda og texta: Tom Fowler og Fred Van Lente<\/span><\/p>\n<p>Bruce Banner er v\u00edsindama\u00f0ur sem hefur veri\u00f0 be\u00f0inn um a\u00f0 hanna n\u00fdja gamma sprengju. \u00deegar h\u00fan er sprengd leggur Banner l\u00edf sitt \u00ed h\u00e6ttu til a\u00f0 bjarga Rick Jones. Banner lifir sprenginuna af en hann breytist \u00e1 \u00f3tr\u00falegan h\u00e1tt. \u00c1 n\u00f3ttinni breytist hann \u00ed Hulk!<\/p>\n<p>Kilja 100 s\u00ed\u00f0ur<\/p>\n","protected":false},"featured_media":16876,"comment_status":"closed","ping_status":"closed","template":"","meta":[],"product_cat":[289,136,137,288,327],"product_tag":[290,306,148,310],"class_list":{"0":"post-16871","1":"product","2":"type-product","3":"status-publish","4":"has-post-thumbnail","6":"product_cat-13-ara-og-eldri","7":"product_cat-hryllingssogur","8":"product_cat-myndasogur","9":"product_cat-spennusogur","10":"product_cat-visindaskaldsogur","11":"product_tag-13-ara-og-eldri","12":"product_tag-dp-in","13":"product_tag-myndasogur","14":"product_tag-tom-fowler-og-fred-van-lente","16":"first","17":"instock","18":"shipping-taxable","19":"purchasable","20":"product-type-simple"},"yoast_head":"<!-- This site is optimized with the Yoast SEO plugin v18.3 - https:\/\/yoast.com\/wordpress\/plugins\/seo\/ -->\n<title>Hulk 1 - barnabok.is<\/title>\n<meta name=\"robots\" content=\"index, follow, max-snippet:-1, max-image-preview:large, max-video-preview:-1\" \/>\n<link rel=\"canonical\" href=\"https:\/\/barnabok.is\/?product=hulk-1\" \/>\n<meta property=\"og:locale\" content=\"is_IS\" \/>\n<meta property=\"og:type\" content=\"article\" \/>\n<meta property=\"og:title\" content=\"Hulk 1 - barnabok.is\" \/>\n<meta property=\"og:description\" content=\"Hulk 1 (2019) - \u00datgefandi: DP-IN  H\u00f6fundar mynda og texta: Tom Fowler og Fred Van Lente  Bruce Banner er v\u00edsindama\u00f0ur sem hefur veri\u00f0 be\u00f0inn um a\u00f0 hanna n\u00fdja gamma sprengju. \u00deegar h\u00fan er sprengd leggur Banner l\u00edf sitt \u00ed h\u00e6ttu til a\u00f0 bjarga Rick Jones. Banner lifir sprenginuna af en hann breytist \u00e1 \u00f3tr\u00falegan h\u00e1tt. \u00c1 n\u00f3ttinni breytist hann \u00ed Hulk!  Kilja 100 s\u00ed\u00f0ur\" \/>\n<meta property=\"og:url\" content=\"https:\/\/barnabok.is\/?product=hulk-1\" \/>\n<meta property=\"og:site_name\" content=\"barnabok.is\" \/>\n<meta property=\"article:modified_time\" content=\"2020-12-03T14:13:01+00:00\" \/>\n<meta property=\"og:image\" content=\"https:\/\/barnabok.is\/wp-content\/uploads\/2020\/10\/Hulk-1-1.jpg\" \/>\n\t<meta property=\"og:image:width\" content=\"465\" \/>\n\t<meta property=\"og:image:height\" content=\"703\" \/>\n\t<meta property=\"og:image:type\" content=\"image\/jpeg\" \/>\n<meta name=\"twitter:card\" content=\"summary_large_image\" \/>\n<script type=\"application\/ld+json\" class=\"yoast-schema-graph\">{\"@context\":\"https:\/\/schema.org\",\"@graph\":[{\"@type\":\"WebSite\",\"@id\":\"https:\/\/barnabok.is\/#website\",\"url\":\"https:\/\/barnabok.is\/\",\"name\":\"barnabok.is\",\"description\":\"\",\"potentialAction\":[{\"@type\":\"SearchAction\",\"target\":{\"@type\":\"EntryPoint\",\"urlTemplate\":\"https:\/\/barnabok.is\/?s={search_term_string}\"},\"query-input\":\"required name=search_term_string\"}],\"inLanguage\":\"is\"},{\"@type\":\"ImageObject\",\"@id\":\"https:\/\/barnabok.is\/?product=hulk-1#primaryimage\",\"inLanguage\":\"is\",\"url\":\"https:\/\/barnabok.is\/wp-content\/uploads\/2020\/10\/Hulk-1-1.jpg\",\"contentUrl\":\"https:\/\/barnabok.is\/wp-content\/uploads\/2020\/10\/Hulk-1-1.jpg\",\"width\":465,\"height\":703},{\"@type\":\"WebPage\",\"@id\":\"https:\/\/barnabok.is\/?product=hulk-1#webpage\",\"url\":\"https:\/\/barnabok.is\/?product=hulk-1\",\"name\":\"Hulk 1 - barnabok.is\",\"isPartOf\":{\"@id\":\"https:\/\/barnabok.is\/#website\"},\"primaryImageOfPage\":{\"@id\":\"https:\/\/barnabok.is\/?product=hulk-1#primaryimage\"},\"datePublished\":\"2020-10-29T16:17:28+00:00\",\"dateModified\":\"2020-12-03T14:13:01+00:00\",\"breadcrumb\":{\"@id\":\"https:\/\/barnabok.is\/?product=hulk-1#breadcrumb\"},\"inLanguage\":\"is\",\"potentialAction\":[{\"@type\":\"ReadAction\",\"target\":[\"https:\/\/barnabok.is\/?product=hulk-1\"]}]},{\"@type\":\"BreadcrumbList\",\"@id\":\"https:\/\/barnabok.is\/?product=hulk-1#breadcrumb\",\"itemListElement\":[{\"@type\":\"ListItem\",\"position\":1,\"name\":\"Home\",\"item\":\"https:\/\/barnabok.is\/\"},{\"@type\":\"ListItem\",\"position\":2,\"name\":\"Products\",\"item\":\"https:\/\/barnabok.is\/?post_type=product\"},{\"@type\":\"ListItem\",\"position\":3,\"name\":\"Hulk 1\"}]}]}<\/script>\n<!-- \/ Yoast SEO plugin. -->","yoast_head_json":{"title":"Hulk 1 - barnabok.is","robots":{"index":"index","follow":"follow","max-snippet":"max-snippet:-1","max-image-preview":"max-image-preview:large","max-video-preview":"max-video-preview:-1"},"canonical":"https:\/\/barnabok.is\/?product=hulk-1","og_locale":"is_IS","og_type":"article","og_title":"Hulk 1 - barnabok.is","og_description":"Hulk 1 (2019) - \u00datgefandi: DP-IN  H\u00f6fundar mynda og texta: Tom Fowler og Fred Van Lente  Bruce Banner er v\u00edsindama\u00f0ur sem hefur veri\u00f0 be\u00f0inn um a\u00f0 hanna n\u00fdja gamma sprengju. \u00deegar h\u00fan er sprengd leggur Banner l\u00edf sitt \u00ed h\u00e6ttu til a\u00f0 bjarga Rick Jones. Banner lifir sprenginuna af en hann breytist \u00e1 \u00f3tr\u00falegan h\u00e1tt. \u00c1 n\u00f3ttinni breytist hann \u00ed Hulk!  Kilja 100 s\u00ed\u00f0ur","og_url":"https:\/\/barnabok.is\/?product=hulk-1","og_site_name":"barnabok.is","article_modified_time":"2020-12-03T14:13:01+00:00","og_image":[{"width":465,"height":703,"url":"https:\/\/barnabok.is\/wp-content\/uploads\/2020\/10\/Hulk-1-1.jpg","type":"image\/jpeg"}],"twitter_card":"summary_large_image","schema":{"@context":"https:\/\/schema.org","@graph":[{"@type":"WebSite","@id":"https:\/\/barnabok.is\/#website","url":"https:\/\/barnabok.is\/","name":"barnabok.is","description":"","potentialAction":[{"@type":"SearchAction","target":{"@type":"EntryPoint","urlTemplate":"https:\/\/barnabok.is\/?s={search_term_string}"},"query-input":"required name=search_term_string"}],"inLanguage":"is"},{"@type":"ImageObject","@id":"https:\/\/barnabok.is\/?product=hulk-1#primaryimage","inLanguage":"is","url":"https:\/\/barnabok.is\/wp-content\/uploads\/2020\/10\/Hulk-1-1.jpg","contentUrl":"https:\/\/barnabok.is\/wp-content\/uploads\/2020\/10\/Hulk-1-1.jpg","width":465,"height":703},{"@type":"WebPage","@id":"https:\/\/barnabok.is\/?product=hulk-1#webpage","url":"https:\/\/barnabok.is\/?product=hulk-1","name":"Hulk 1 - barnabok.is","isPartOf":{"@id":"https:\/\/barnabok.is\/#website"},"primaryImageOfPage":{"@id":"https:\/\/barnabok.is\/?product=hulk-1#primaryimage"},"datePublished":"2020-10-29T16:17:28+00:00","dateModified":"2020-12-03T14:13:01+00:00","breadcrumb":{"@id":"https:\/\/barnabok.is\/?product=hulk-1#breadcrumb"},"inLanguage":"is","potentialAction":[{"@type":"ReadAction","target":["https:\/\/barnabok.is\/?product=hulk-1"]}]},{"@type":"BreadcrumbList","@id":"https:\/\/barnabok.is\/?product=hulk-1#breadcrumb","itemListElement":[{"@type":"ListItem","position":1,"name":"Home","item":"https:\/\/barnabok.is\/"},{"@type":"ListItem","position":2,"name":"Products","item":"https:\/\/barnabok.is\/?post_type=product"},{"@type":"ListItem","position":3,"name":"Hulk 1"}]}]}},"_links":{"self":[{"href":"https:\/\/barnabok.is\/index.php?rest_route=\/wp\/v2\/product\/16871","targetHints":{"allow":["GET"]}}],"collection":[{"href":"https:\/\/barnabok.is\/index.php?rest_route=\/wp\/v2\/product"}],"about":[{"href":"https:\/\/barnabok.is\/index.php?rest_route=\/wp\/v2\/types\/product"}],"replies":[{"embeddable":true,"href":"https:\/\/barnabok.is\/index.php?rest_route=%2Fwp%2Fv2%2Fcomments&post=16871"}],"wp:featuredmedia":[{"embeddable":true,"href":"https:\/\/barnabok.is\/index.php?rest_route=\/wp\/v2\/media\/16876"}],"wp:attachment":[{"href":"https:\/\/barnabok.is\/index.php?rest_route=%2Fwp%2Fv2%2Fmedia&parent=16871"}],"wp:term":[{"taxonomy":"product_cat","embeddable":true,"href":"https:\/\/barnabok.is\/index.php?rest_route=%2Fwp%2Fv2%2Fproduct_cat&post=16871"},{"taxonomy":"product_tag","embeddable":true,"href":"https:\/\/barnabok.is\/index.php?rest_route=%2Fwp%2Fv2%2Fproduct_tag&post=16871"}],"curies":[{"name":"wp","href":"https:\/\/api.w.org\/{rel}","templated":true}]}}