{"id":16640,"date":"2020-10-21T17:08:11","date_gmt":"2020-10-21T17:08:11","guid":{"rendered":"https:\/\/barnabok.is\/?post_type=product&#038;p=16640"},"modified":"2020-10-31T18:44:24","modified_gmt":"2020-10-31T18:44:24","slug":"strumparnir-og-ohraesid","status":"publish","type":"product","link":"https:\/\/barnabok.is\/?product=strumparnir-og-ohraesid","title":{"rendered":"Strumparnir og \u00f3hr\u00e6si\u00f0"},"content":{"rendered":"<p>H\u00f6fundar mynda og texta: Peyo og Gos<\/p>\n<p><img loading=\"lazy\" decoding=\"async\" class=\"alignnone size-medium wp-image-16641\" src=\"https:\/\/barnabok.is\/wp-content\/uploads\/2020\/10\/Peyo-225x300.jpg\" alt=\"\" width=\"225\" height=\"300\" srcset=\"https:\/\/barnabok.is\/wp-content\/uploads\/2020\/10\/Peyo-225x300.jpg 225w, https:\/\/barnabok.is\/wp-content\/uploads\/2020\/10\/Peyo.jpg 450w\" sizes=\"auto, (max-width: 225px) 100vw, 225px\" \/> <img loading=\"lazy\" decoding=\"async\" class=\"alignnone size-medium wp-image-16642\" src=\"https:\/\/barnabok.is\/wp-content\/uploads\/2020\/10\/Gos-300x300.jpg\" alt=\"\" width=\"300\" height=\"300\" srcset=\"https:\/\/barnabok.is\/wp-content\/uploads\/2020\/10\/Gos-300x300.jpg 300w, https:\/\/barnabok.is\/wp-content\/uploads\/2020\/10\/Gos-150x150.jpg 150w, https:\/\/barnabok.is\/wp-content\/uploads\/2020\/10\/Gos-768x768.jpg 768w, https:\/\/barnabok.is\/wp-content\/uploads\/2020\/10\/Gos-70x70.jpg 70w, https:\/\/barnabok.is\/wp-content\/uploads\/2020\/10\/Gos-310x310.jpg 310w, https:\/\/barnabok.is\/wp-content\/uploads\/2020\/10\/Gos-580x580.jpg 580w, https:\/\/barnabok.is\/wp-content\/uploads\/2020\/10\/Gos-600x600.jpg 600w, https:\/\/barnabok.is\/wp-content\/uploads\/2020\/10\/Gos-100x100.jpg 100w, https:\/\/barnabok.is\/wp-content\/uploads\/2020\/10\/Gos.jpg 800w\" sizes=\"auto, (max-width: 300px) 100vw, 300px\" \/><\/p>\n","protected":false},"excerpt":{"rendered":"<p><strong><span id=\"forlagidsearch_current_authors\">Strumparnir og \u00f3hr\u00e6si\u00f0 (2016) &#8211; \u00datgefandi: Froskur<\/span><\/strong><\/p>\n<p><span id=\"forlagidsearch_current_authors\">H\u00f6fundar: Peyo og Gos<\/span><\/p>\n<p>Strumparnir eru komnir \u00e1 kreik \u00ed n\u00fdrri b\u00f3k me\u00f0 tveimur \u00e6vint\u00fdrum.<\/p>\n<p>\u00cd \u00fev\u00ed fyrra r\u00e6\u00f0st \u00f3ge\u00f0feldur fugl \u00e1 \u00feorp strumpanna eftir a\u00f0 tveir \u00f3vark\u00e1rir strumpar kasta \u00fat \u00ed bl\u00e1inn fl\u00f6sku sem inniheldur sey\u00f0i sem yfirstrumpur bj\u00f3 til og breytir l\u00edfverum \u00ed \u00f3gnvekjandi martr\u00f6\u00f0. En Strumparnir deyja ekki r\u00e1\u00f0alausir og sigrast a\u00f0 lokum \u00e1 \u00f3hr\u00e6sinu.<\/p>\n<p>\u00cd seinni s\u00f6gunni er einn strumpurinn \u00ed \u00feorpinu or\u00f0inn lei\u00f0ur \u00e1 a\u00f0 strumpa ekki neitt og vill sj\u00e1 heiminn. Hann \u00e1kve\u00f0ur \u00fev\u00ed \u00fevert \u00e1<br \/>\nr\u00e1\u00f0leggingar yfirstrumps a\u00f0 fara af sta\u00f0 og kynnast \u00e6vint\u00fdrum sem heimurinn b\u00fd\u00f0ur upp \u00e1. En \u00fea\u00f0 er ekki sj\u00e1lfgefi\u00f0 a\u00f0 yfirgefa hrei\u00f0ri\u00f0 og lifa af sk\u00f3ginum. Allt fer vel a\u00f0 lokum og strumpur er reynslunni r\u00edkari.<\/p>\n<p>Strumpum vel \u00e1 m\u00f3ti strumpunum!<\/p>\n<p>Innbundin 62 s\u00ed\u00f0ur<\/p>\n","protected":false},"featured_media":16643,"comment_status":"closed","ping_status":"closed","template":"","meta":[],"product_cat":[131,132,134,137],"product_tag":[142,193,242,148,275,274],"class_list":{"0":"post-16640","1":"product","2":"type-product","3":"status-publish","4":"has-post-thumbnail","6":"product_cat-6-8ara","7":"product_cat-8-12","8":"product_cat-gamansogur","9":"product_cat-myndasogur","10":"product_tag-6-8","11":"product_tag-8-12-ara","12":"product_tag-froskur","13":"product_tag-myndasogur","14":"product_tag-peyo","15":"product_tag-strumparnir","17":"first","18":"instock","19":"shipping-taxable","20":"purchasable","21":"product-type-simple"},"yoast_head":"<!-- This site is optimized with the Yoast SEO plugin v18.3 - https:\/\/yoast.com\/wordpress\/plugins\/seo\/ -->\n<title>Strumparnir og \u00f3hr\u00e6si\u00f0 - barnabok.is<\/title>\n<meta name=\"robots\" content=\"index, follow, max-snippet:-1, max-image-preview:large, max-video-preview:-1\" \/>\n<link rel=\"canonical\" href=\"https:\/\/barnabok.is\/?product=strumparnir-og-ohraesid\" \/>\n<meta property=\"og:locale\" content=\"is_IS\" \/>\n<meta property=\"og:type\" content=\"article\" \/>\n<meta property=\"og:title\" content=\"Strumparnir og \u00f3hr\u00e6si\u00f0 - barnabok.is\" \/>\n<meta property=\"og:description\" content=\"Strumparnir og \u00f3hr\u00e6si\u00f0 (2016) - \u00datgefandi: Froskur  H\u00f6fundar: Peyo og Gos  Strumparnir eru komnir \u00e1 kreik \u00ed n\u00fdrri b\u00f3k me\u00f0 tveimur \u00e6vint\u00fdrum.  \u00cd \u00fev\u00ed fyrra r\u00e6\u00f0st \u00f3ge\u00f0feldur fugl \u00e1 \u00feorp strumpanna eftir a\u00f0 tveir \u00f3vark\u00e1rir strumpar kasta \u00fat \u00ed bl\u00e1inn fl\u00f6sku sem inniheldur sey\u00f0i sem yfirstrumpur bj\u00f3 til og breytir l\u00edfverum \u00ed \u00f3gnvekjandi martr\u00f6\u00f0. En Strumparnir deyja ekki r\u00e1\u00f0alausir og sigrast a\u00f0 lokum \u00e1 \u00f3hr\u00e6sinu.  \u00cd seinni s\u00f6gunni er einn strumpurinn \u00ed \u00feorpinu or\u00f0inn lei\u00f0ur \u00e1 a\u00f0 strumpa ekki neitt og vill sj\u00e1 heiminn. Hann \u00e1kve\u00f0ur \u00fev\u00ed \u00fevert \u00e1 r\u00e1\u00f0leggingar yfirstrumps a\u00f0 fara af sta\u00f0 og kynnast \u00e6vint\u00fdrum sem heimurinn b\u00fd\u00f0ur upp \u00e1. En \u00fea\u00f0 er ekki sj\u00e1lfgefi\u00f0 a\u00f0 yfirgefa hrei\u00f0ri\u00f0 og lifa af sk\u00f3ginum. Allt fer vel a\u00f0 lokum og strumpur er reynslunni r\u00edkari.  Strumpum vel \u00e1 m\u00f3ti strumpunum!  Innbundin 62 s\u00ed\u00f0ur\" \/>\n<meta property=\"og:url\" content=\"https:\/\/barnabok.is\/?product=strumparnir-og-ohraesid\" \/>\n<meta property=\"og:site_name\" content=\"barnabok.is\" \/>\n<meta property=\"article:modified_time\" content=\"2020-10-31T18:44:24+00:00\" \/>\n<meta property=\"og:image\" content=\"https:\/\/barnabok.is\/wp-content\/uploads\/2020\/10\/Strumpar_Strumparnir_ohr\u00e6sid_cover.jpg\" \/>\n\t<meta property=\"og:image:width\" content=\"1000\" \/>\n\t<meta property=\"og:image:height\" content=\"1345\" \/>\n\t<meta property=\"og:image:type\" content=\"image\/jpeg\" \/>\n<meta name=\"twitter:card\" content=\"summary_large_image\" \/>\n<script type=\"application\/ld+json\" class=\"yoast-schema-graph\">{\"@context\":\"https:\/\/schema.org\",\"@graph\":[{\"@type\":\"WebSite\",\"@id\":\"https:\/\/barnabok.is\/#website\",\"url\":\"https:\/\/barnabok.is\/\",\"name\":\"barnabok.is\",\"description\":\"\",\"potentialAction\":[{\"@type\":\"SearchAction\",\"target\":{\"@type\":\"EntryPoint\",\"urlTemplate\":\"https:\/\/barnabok.is\/?s={search_term_string}\"},\"query-input\":\"required name=search_term_string\"}],\"inLanguage\":\"is\"},{\"@type\":\"ImageObject\",\"@id\":\"https:\/\/barnabok.is\/?product=strumparnir-og-ohraesid#primaryimage\",\"inLanguage\":\"is\",\"url\":\"https:\/\/barnabok.is\/wp-content\/uploads\/2020\/10\/Strumpar_Strumparnir_ohr\u00e6sid_cover.jpg\",\"contentUrl\":\"https:\/\/barnabok.is\/wp-content\/uploads\/2020\/10\/Strumpar_Strumparnir_ohr\u00e6sid_cover.jpg\",\"width\":1000,\"height\":1345},{\"@type\":\"WebPage\",\"@id\":\"https:\/\/barnabok.is\/?product=strumparnir-og-ohraesid#webpage\",\"url\":\"https:\/\/barnabok.is\/?product=strumparnir-og-ohraesid\",\"name\":\"Strumparnir og \u00f3hr\u00e6si\u00f0 - barnabok.is\",\"isPartOf\":{\"@id\":\"https:\/\/barnabok.is\/#website\"},\"primaryImageOfPage\":{\"@id\":\"https:\/\/barnabok.is\/?product=strumparnir-og-ohraesid#primaryimage\"},\"datePublished\":\"2020-10-21T17:08:11+00:00\",\"dateModified\":\"2020-10-31T18:44:24+00:00\",\"breadcrumb\":{\"@id\":\"https:\/\/barnabok.is\/?product=strumparnir-og-ohraesid#breadcrumb\"},\"inLanguage\":\"is\",\"potentialAction\":[{\"@type\":\"ReadAction\",\"target\":[\"https:\/\/barnabok.is\/?product=strumparnir-og-ohraesid\"]}]},{\"@type\":\"BreadcrumbList\",\"@id\":\"https:\/\/barnabok.is\/?product=strumparnir-og-ohraesid#breadcrumb\",\"itemListElement\":[{\"@type\":\"ListItem\",\"position\":1,\"name\":\"Home\",\"item\":\"https:\/\/barnabok.is\/\"},{\"@type\":\"ListItem\",\"position\":2,\"name\":\"Products\",\"item\":\"https:\/\/barnabok.is\/?post_type=product\"},{\"@type\":\"ListItem\",\"position\":3,\"name\":\"Strumparnir og \u00f3hr\u00e6si\u00f0\"}]}]}<\/script>\n<!-- \/ Yoast SEO plugin. -->","yoast_head_json":{"title":"Strumparnir og \u00f3hr\u00e6si\u00f0 - barnabok.is","robots":{"index":"index","follow":"follow","max-snippet":"max-snippet:-1","max-image-preview":"max-image-preview:large","max-video-preview":"max-video-preview:-1"},"canonical":"https:\/\/barnabok.is\/?product=strumparnir-og-ohraesid","og_locale":"is_IS","og_type":"article","og_title":"Strumparnir og \u00f3hr\u00e6si\u00f0 - barnabok.is","og_description":"Strumparnir og \u00f3hr\u00e6si\u00f0 (2016) - \u00datgefandi: Froskur  H\u00f6fundar: Peyo og Gos  Strumparnir eru komnir \u00e1 kreik \u00ed n\u00fdrri b\u00f3k me\u00f0 tveimur \u00e6vint\u00fdrum.  \u00cd \u00fev\u00ed fyrra r\u00e6\u00f0st \u00f3ge\u00f0feldur fugl \u00e1 \u00feorp strumpanna eftir a\u00f0 tveir \u00f3vark\u00e1rir strumpar kasta \u00fat \u00ed bl\u00e1inn fl\u00f6sku sem inniheldur sey\u00f0i sem yfirstrumpur bj\u00f3 til og breytir l\u00edfverum \u00ed \u00f3gnvekjandi martr\u00f6\u00f0. En Strumparnir deyja ekki r\u00e1\u00f0alausir og sigrast a\u00f0 lokum \u00e1 \u00f3hr\u00e6sinu.  \u00cd seinni s\u00f6gunni er einn strumpurinn \u00ed \u00feorpinu or\u00f0inn lei\u00f0ur \u00e1 a\u00f0 strumpa ekki neitt og vill sj\u00e1 heiminn. Hann \u00e1kve\u00f0ur \u00fev\u00ed \u00fevert \u00e1 r\u00e1\u00f0leggingar yfirstrumps a\u00f0 fara af sta\u00f0 og kynnast \u00e6vint\u00fdrum sem heimurinn b\u00fd\u00f0ur upp \u00e1. En \u00fea\u00f0 er ekki sj\u00e1lfgefi\u00f0 a\u00f0 yfirgefa hrei\u00f0ri\u00f0 og lifa af sk\u00f3ginum. Allt fer vel a\u00f0 lokum og strumpur er reynslunni r\u00edkari.  Strumpum vel \u00e1 m\u00f3ti strumpunum!  Innbundin 62 s\u00ed\u00f0ur","og_url":"https:\/\/barnabok.is\/?product=strumparnir-og-ohraesid","og_site_name":"barnabok.is","article_modified_time":"2020-10-31T18:44:24+00:00","og_image":[{"width":1000,"height":1345,"url":"https:\/\/barnabok.is\/wp-content\/uploads\/2020\/10\/Strumpar_Strumparnir_ohr\u00e6sid_cover.jpg","type":"image\/jpeg"}],"twitter_card":"summary_large_image","schema":{"@context":"https:\/\/schema.org","@graph":[{"@type":"WebSite","@id":"https:\/\/barnabok.is\/#website","url":"https:\/\/barnabok.is\/","name":"barnabok.is","description":"","potentialAction":[{"@type":"SearchAction","target":{"@type":"EntryPoint","urlTemplate":"https:\/\/barnabok.is\/?s={search_term_string}"},"query-input":"required name=search_term_string"}],"inLanguage":"is"},{"@type":"ImageObject","@id":"https:\/\/barnabok.is\/?product=strumparnir-og-ohraesid#primaryimage","inLanguage":"is","url":"https:\/\/barnabok.is\/wp-content\/uploads\/2020\/10\/Strumpar_Strumparnir_ohr\u00e6sid_cover.jpg","contentUrl":"https:\/\/barnabok.is\/wp-content\/uploads\/2020\/10\/Strumpar_Strumparnir_ohr\u00e6sid_cover.jpg","width":1000,"height":1345},{"@type":"WebPage","@id":"https:\/\/barnabok.is\/?product=strumparnir-og-ohraesid#webpage","url":"https:\/\/barnabok.is\/?product=strumparnir-og-ohraesid","name":"Strumparnir og \u00f3hr\u00e6si\u00f0 - barnabok.is","isPartOf":{"@id":"https:\/\/barnabok.is\/#website"},"primaryImageOfPage":{"@id":"https:\/\/barnabok.is\/?product=strumparnir-og-ohraesid#primaryimage"},"datePublished":"2020-10-21T17:08:11+00:00","dateModified":"2020-10-31T18:44:24+00:00","breadcrumb":{"@id":"https:\/\/barnabok.is\/?product=strumparnir-og-ohraesid#breadcrumb"},"inLanguage":"is","potentialAction":[{"@type":"ReadAction","target":["https:\/\/barnabok.is\/?product=strumparnir-og-ohraesid"]}]},{"@type":"BreadcrumbList","@id":"https:\/\/barnabok.is\/?product=strumparnir-og-ohraesid#breadcrumb","itemListElement":[{"@type":"ListItem","position":1,"name":"Home","item":"https:\/\/barnabok.is\/"},{"@type":"ListItem","position":2,"name":"Products","item":"https:\/\/barnabok.is\/?post_type=product"},{"@type":"ListItem","position":3,"name":"Strumparnir og \u00f3hr\u00e6si\u00f0"}]}]}},"_links":{"self":[{"href":"https:\/\/barnabok.is\/index.php?rest_route=\/wp\/v2\/product\/16640","targetHints":{"allow":["GET"]}}],"collection":[{"href":"https:\/\/barnabok.is\/index.php?rest_route=\/wp\/v2\/product"}],"about":[{"href":"https:\/\/barnabok.is\/index.php?rest_route=\/wp\/v2\/types\/product"}],"replies":[{"embeddable":true,"href":"https:\/\/barnabok.is\/index.php?rest_route=%2Fwp%2Fv2%2Fcomments&post=16640"}],"wp:featuredmedia":[{"embeddable":true,"href":"https:\/\/barnabok.is\/index.php?rest_route=\/wp\/v2\/media\/16643"}],"wp:attachment":[{"href":"https:\/\/barnabok.is\/index.php?rest_route=%2Fwp%2Fv2%2Fmedia&parent=16640"}],"wp:term":[{"taxonomy":"product_cat","embeddable":true,"href":"https:\/\/barnabok.is\/index.php?rest_route=%2Fwp%2Fv2%2Fproduct_cat&post=16640"},{"taxonomy":"product_tag","embeddable":true,"href":"https:\/\/barnabok.is\/index.php?rest_route=%2Fwp%2Fv2%2Fproduct_tag&post=16640"}],"curies":[{"name":"wp","href":"https:\/\/api.w.org\/{rel}","templated":true}]}}