{"id":15442,"date":"2020-04-28T17:51:18","date_gmt":"2020-04-28T17:51:18","guid":{"rendered":"https:\/\/barnabok.is\/?post_type=product&#038;p=15442"},"modified":"2020-10-15T15:05:22","modified_gmt":"2020-10-15T15:05:22","slug":"timaflakkarar-1","status":"publish","type":"product","link":"https:\/\/barnabok.is\/?product=timaflakkarar-1","title":{"rendered":"T\u00edmaflakkarar 1"},"content":{"rendered":"<p>Missi\u00f0 ekki af \u00feessari br\u00e1\u00f0skemmtilegu b\u00f3k. Fr\u00e1 7 \u00e1ra aldri. Br\u00e1\u00f0skemmtileg myndasaga fyrir alla aldursh\u00f3pa \u00fear sem Soff\u00eda og Snorri fer\u00f0ast aftur \u00ed t\u00edma.<\/p>\n","protected":false},"excerpt":{"rendered":"<p>Missi\u00f0 ekki af \u00feessari br\u00e1\u00f0skemmtilegu b\u00f3k. Fr\u00e1 7 \u00e1ra aldri. Br\u00e1\u00f0skemmtileg myndasaga fyrir alla aldursh\u00f3pa \u00fear sem Soff\u00eda og Snorri fer\u00f0ast aftur \u00ed t\u00edma.<\/p>\n","protected":false},"featured_media":15412,"comment_status":"closed","ping_status":"closed","template":"","meta":[],"product_cat":[132,137],"product_tag":[242,148,184,182,176,232],"class_list":{"0":"post-15442","1":"product","2":"type-product","3":"status-publish","4":"has-post-thumbnail","6":"product_cat-8-12","7":"product_cat-myndasogur","8":"product_tag-froskur","9":"product_tag-myndasogur","10":"product_tag-new","11":"product_tag-stan-vince-zep","12":"product_tag-timaflakkarar","13":"product_tag-nytt","15":"first","16":"instock","17":"shipping-taxable","18":"purchasable","19":"product-type-simple"},"yoast_head":"<!-- This site is optimized with the Yoast SEO plugin v18.3 - https:\/\/yoast.com\/wordpress\/plugins\/seo\/ -->\n<title>T\u00edmaflakkarar 1 - barnabok.is<\/title>\n<meta name=\"robots\" content=\"index, follow, max-snippet:-1, max-image-preview:large, max-video-preview:-1\" \/>\n<link rel=\"canonical\" href=\"https:\/\/barnabok.is\/?product=timaflakkarar-1\" \/>\n<meta property=\"og:locale\" content=\"is_IS\" \/>\n<meta property=\"og:type\" content=\"article\" \/>\n<meta property=\"og:title\" content=\"T\u00edmaflakkarar 1 - barnabok.is\" \/>\n<meta property=\"og:description\" content=\"Missi\u00f0 ekki af \u00feessari br\u00e1\u00f0skemmtilegu b\u00f3k. Fr\u00e1 7 \u00e1ra aldri. Br\u00e1\u00f0skemmtileg myndasaga fyrir alla aldursh\u00f3pa \u00fear sem Soff\u00eda og Snorri fer\u00f0ast aftur \u00ed t\u00edma.\" \/>\n<meta property=\"og:url\" content=\"https:\/\/barnabok.is\/?product=timaflakkarar-1\" \/>\n<meta property=\"og:site_name\" content=\"barnabok.is\" \/>\n<meta property=\"article:modified_time\" content=\"2020-10-15T15:05:22+00:00\" \/>\n<meta property=\"og:image\" content=\"https:\/\/barnabok.is\/wp-content\/uploads\/2020\/04\/Timaflakkarar-1_cover.jpg\" \/>\n\t<meta property=\"og:image:width\" content=\"1000\" \/>\n\t<meta property=\"og:image:height\" content=\"1350\" \/>\n\t<meta property=\"og:image:type\" content=\"image\/jpeg\" \/>\n<meta name=\"twitter:card\" content=\"summary_large_image\" \/>\n<script type=\"application\/ld+json\" class=\"yoast-schema-graph\">{\"@context\":\"https:\/\/schema.org\",\"@graph\":[{\"@type\":\"WebSite\",\"@id\":\"https:\/\/barnabok.is\/#website\",\"url\":\"https:\/\/barnabok.is\/\",\"name\":\"barnabok.is\",\"description\":\"\",\"potentialAction\":[{\"@type\":\"SearchAction\",\"target\":{\"@type\":\"EntryPoint\",\"urlTemplate\":\"https:\/\/barnabok.is\/?s={search_term_string}\"},\"query-input\":\"required name=search_term_string\"}],\"inLanguage\":\"is\"},{\"@type\":\"ImageObject\",\"@id\":\"https:\/\/barnabok.is\/?product=timaflakkarar-1#primaryimage\",\"inLanguage\":\"is\",\"url\":\"https:\/\/barnabok.is\/wp-content\/uploads\/2020\/04\/Timaflakkarar-1_cover.jpg\",\"contentUrl\":\"https:\/\/barnabok.is\/wp-content\/uploads\/2020\/04\/Timaflakkarar-1_cover.jpg\",\"width\":1000,\"height\":1350},{\"@type\":\"WebPage\",\"@id\":\"https:\/\/barnabok.is\/?product=timaflakkarar-1#webpage\",\"url\":\"https:\/\/barnabok.is\/?product=timaflakkarar-1\",\"name\":\"T\u00edmaflakkarar 1 - barnabok.is\",\"isPartOf\":{\"@id\":\"https:\/\/barnabok.is\/#website\"},\"primaryImageOfPage\":{\"@id\":\"https:\/\/barnabok.is\/?product=timaflakkarar-1#primaryimage\"},\"datePublished\":\"2020-04-28T17:51:18+00:00\",\"dateModified\":\"2020-10-15T15:05:22+00:00\",\"breadcrumb\":{\"@id\":\"https:\/\/barnabok.is\/?product=timaflakkarar-1#breadcrumb\"},\"inLanguage\":\"is\",\"potentialAction\":[{\"@type\":\"ReadAction\",\"target\":[\"https:\/\/barnabok.is\/?product=timaflakkarar-1\"]}]},{\"@type\":\"BreadcrumbList\",\"@id\":\"https:\/\/barnabok.is\/?product=timaflakkarar-1#breadcrumb\",\"itemListElement\":[{\"@type\":\"ListItem\",\"position\":1,\"name\":\"Home\",\"item\":\"https:\/\/barnabok.is\/\"},{\"@type\":\"ListItem\",\"position\":2,\"name\":\"Products\",\"item\":\"https:\/\/barnabok.is\/?post_type=product\"},{\"@type\":\"ListItem\",\"position\":3,\"name\":\"T\u00edmaflakkarar 1\"}]}]}<\/script>\n<!-- \/ Yoast SEO plugin. -->","yoast_head_json":{"title":"T\u00edmaflakkarar 1 - barnabok.is","robots":{"index":"index","follow":"follow","max-snippet":"max-snippet:-1","max-image-preview":"max-image-preview:large","max-video-preview":"max-video-preview:-1"},"canonical":"https:\/\/barnabok.is\/?product=timaflakkarar-1","og_locale":"is_IS","og_type":"article","og_title":"T\u00edmaflakkarar 1 - barnabok.is","og_description":"Missi\u00f0 ekki af \u00feessari br\u00e1\u00f0skemmtilegu b\u00f3k. Fr\u00e1 7 \u00e1ra aldri. Br\u00e1\u00f0skemmtileg myndasaga fyrir alla aldursh\u00f3pa \u00fear sem Soff\u00eda og Snorri fer\u00f0ast aftur \u00ed t\u00edma.","og_url":"https:\/\/barnabok.is\/?product=timaflakkarar-1","og_site_name":"barnabok.is","article_modified_time":"2020-10-15T15:05:22+00:00","og_image":[{"width":1000,"height":1350,"url":"https:\/\/barnabok.is\/wp-content\/uploads\/2020\/04\/Timaflakkarar-1_cover.jpg","type":"image\/jpeg"}],"twitter_card":"summary_large_image","schema":{"@context":"https:\/\/schema.org","@graph":[{"@type":"WebSite","@id":"https:\/\/barnabok.is\/#website","url":"https:\/\/barnabok.is\/","name":"barnabok.is","description":"","potentialAction":[{"@type":"SearchAction","target":{"@type":"EntryPoint","urlTemplate":"https:\/\/barnabok.is\/?s={search_term_string}"},"query-input":"required name=search_term_string"}],"inLanguage":"is"},{"@type":"ImageObject","@id":"https:\/\/barnabok.is\/?product=timaflakkarar-1#primaryimage","inLanguage":"is","url":"https:\/\/barnabok.is\/wp-content\/uploads\/2020\/04\/Timaflakkarar-1_cover.jpg","contentUrl":"https:\/\/barnabok.is\/wp-content\/uploads\/2020\/04\/Timaflakkarar-1_cover.jpg","width":1000,"height":1350},{"@type":"WebPage","@id":"https:\/\/barnabok.is\/?product=timaflakkarar-1#webpage","url":"https:\/\/barnabok.is\/?product=timaflakkarar-1","name":"T\u00edmaflakkarar 1 - barnabok.is","isPartOf":{"@id":"https:\/\/barnabok.is\/#website"},"primaryImageOfPage":{"@id":"https:\/\/barnabok.is\/?product=timaflakkarar-1#primaryimage"},"datePublished":"2020-04-28T17:51:18+00:00","dateModified":"2020-10-15T15:05:22+00:00","breadcrumb":{"@id":"https:\/\/barnabok.is\/?product=timaflakkarar-1#breadcrumb"},"inLanguage":"is","potentialAction":[{"@type":"ReadAction","target":["https:\/\/barnabok.is\/?product=timaflakkarar-1"]}]},{"@type":"BreadcrumbList","@id":"https:\/\/barnabok.is\/?product=timaflakkarar-1#breadcrumb","itemListElement":[{"@type":"ListItem","position":1,"name":"Home","item":"https:\/\/barnabok.is\/"},{"@type":"ListItem","position":2,"name":"Products","item":"https:\/\/barnabok.is\/?post_type=product"},{"@type":"ListItem","position":3,"name":"T\u00edmaflakkarar 1"}]}]}},"_links":{"self":[{"href":"https:\/\/barnabok.is\/index.php?rest_route=\/wp\/v2\/product\/15442","targetHints":{"allow":["GET"]}}],"collection":[{"href":"https:\/\/barnabok.is\/index.php?rest_route=\/wp\/v2\/product"}],"about":[{"href":"https:\/\/barnabok.is\/index.php?rest_route=\/wp\/v2\/types\/product"}],"replies":[{"embeddable":true,"href":"https:\/\/barnabok.is\/index.php?rest_route=%2Fwp%2Fv2%2Fcomments&post=15442"}],"wp:featuredmedia":[{"embeddable":true,"href":"https:\/\/barnabok.is\/index.php?rest_route=\/wp\/v2\/media\/15412"}],"wp:attachment":[{"href":"https:\/\/barnabok.is\/index.php?rest_route=%2Fwp%2Fv2%2Fmedia&parent=15442"}],"wp:term":[{"taxonomy":"product_cat","embeddable":true,"href":"https:\/\/barnabok.is\/index.php?rest_route=%2Fwp%2Fv2%2Fproduct_cat&post=15442"},{"taxonomy":"product_tag","embeddable":true,"href":"https:\/\/barnabok.is\/index.php?rest_route=%2Fwp%2Fv2%2Fproduct_tag&post=15442"}],"curies":[{"name":"wp","href":"https:\/\/api.w.org\/{rel}","templated":true}]}}